{"id":67,"date":"2023-09-13T14:04:36","date_gmt":"2023-09-13T11:04:36","guid":{"rendered":"https:\/\/harjunpartiotytot.partioscout.fi\/?page_id=67"},"modified":"2023-11-01T12:55:01","modified_gmt":"2023-11-01T10:55:01","slug":"contact-us","status":"publish","type":"page","link":"https:\/\/harjunpartiotytot.partioscout.fi\/en\/contact-us\/","title":{"rendered":"Contact us"},"content":{"rendered":"\n\n<div class=\"block-content-with-sidebar full-width id-block\">\n\t<div class=\"container-lg\">\n\t\t<div class=\"row\">\n\t\t\t<div class=\"col d-none d-lg-block col-lg-4 col-xxl-3\">\n\t\t\t\t<ul class=\"sidebar-menu\">\n\n<li  class=\"menu-item menu-item-67\"><a href=\"https:\/\/harjunpartiotytot.partioscout.fi\/en\/contact-us\/\" aria-current=\"page\">Contact us<\/a><\/li>\n<li  class=\"menu-item menu-item-71\"><a href=\"https:\/\/harjunpartiotytot.partioscout.fi\/en\/events\/\">Events<\/a><\/li>\n<li  class=\"menu-item menu-item-63\"><a href=\"https:\/\/harjunpartiotytot.partioscout.fi\/en\/\">Front page<\/a><\/li>\n<li  class=\"menu-item menu-item-69\"><a href=\"https:\/\/harjunpartiotytot.partioscout.fi\/en\/join-us\/\">Join us<\/a><\/li><\/ul>\n\t\t\t<\/div>\n\t\t\t<div class=\"col col-12 col-lg-8 col-xxl-7 offset-xxl-1\">\t\n\t\t\t\t<div class=\"inner-blocks entry-content\">\n\t\t\t\t\t\t\t\t\t\t\t\n\n<h1 class=\"wp-block-heading\">Contact us<\/h1>\n\n\n\n<p>Harjun Partiotyt\u00f6t ry<br>Jyv\u00e4skyl\u00e4n NNKY<br>Puistotori 4<br>40100 Jyv\u00e4skyl\u00e4<\/p>\n\n\n\n<p>harjun.partiotytot[at]gmail.com<\/p>\n\n\n\t\t\t\t\t\t\t\t\t<\/div>\n\t\t\t<\/div>\n\t\t<\/div>\n\t<\/div>\t\n\t\t\t\t\t<svg class=\"figure cross\" xmlns=\"http:\/\/www.w3.org\/2000\/svg\" width=\"107\" height=\"47.043\" viewBox=\"0 0 107 47.043\">\n\t\t    <g>\n\t\t        <path d=\"M29.916 6.541L23.349 0l-8.39 8.417L6.541 0 0 6.541l8.39 8.417L0 23.375l6.541 6.541 8.417-8.39 8.39 8.39 6.568-6.541-8.416-8.417z\" transform=\"rotate(-90 23.522 23.521) translate(17.127)\"\/>\n\t\t        <path d=\"M15.253 11.446A24.159 24.159 0 0 1 9.034 0L0 2.064a33.488 33.488 0 0 0 8.632 15.87l.08.08s.617.617 1.474 1.662l7.238-5.79c-1.099-1.341-1.93-2.198-2.171-2.44z\" transform=\"rotate(-90 23.522 23.521) translate(.429 60.519)\"\/>\n\t\t        <path d=\"M16.218 6.648L9.758 0A33.429 33.429 0 0 0 0 18.738l9.141 1.474a23.953 23.953 0 0 1 7.077-13.564z\" transform=\"rotate(-90 23.522 23.521) translate(0 30.828)\"\/>\n\t\t        <path d=\"M.161 3.163A21.712 21.712 0 0 1 1.5 10.481 19.441 19.441 0 0 1 0 17.907l8.578 3.538a28.792 28.792 0 0 0 2.2-10.964A30.739 30.739 0 0 0 8.873 0z\" transform=\"rotate(-90 23.522 23.521) translate(15.285 85.555)\"\/>\n\t\t    <\/g>\n\t\t<\/svg>\n\t\t\t<\/div>\n\n\n\n<p><\/p>\n","protected":false},"excerpt":{"rendered":"","protected":false},"author":251,"featured_media":0,"parent":0,"menu_order":0,"comment_status":"closed","ping_status":"closed","template":"","meta":{"_acf_changed":false,"footnotes":""},"class_list":["post-67","page","type-page","status-publish","hentry"],"acf":[],"yoast_head":"<!-- This site is optimized with the Yoast SEO plugin v27.4 - https:\/\/yoast.com\/product\/yoast-seo-wordpress\/ -->\n<title>Contact us - Harjun Partiotytot ry<\/title>\n<meta name=\"robots\" content=\"index, follow, max-snippet:-1, max-image-preview:large, max-video-preview:-1\" \/>\n<link rel=\"canonical\" href=\"https:\/\/harjunpartiotytot.partioscout.fi\/yhteystiedot\/\" \/>\n<meta property=\"og:locale\" content=\"en_US\" \/>\n<meta property=\"og:type\" content=\"article\" \/>\n<meta property=\"og:title\" content=\"Contact us - Harjun Partiotytot ry\" \/>\n<meta property=\"og:url\" content=\"https:\/\/harjunpartiotytot.partioscout.fi\/yhteystiedot\/\" \/>\n<meta property=\"og:site_name\" content=\"Harjun Partiotytot ry\" \/>\n<meta property=\"article:modified_time\" content=\"2023-11-01T10:55:01+00:00\" \/>\n<meta name=\"twitter:card\" content=\"summary_large_image\" \/>\n<meta name=\"twitter:label1\" content=\"Est. reading time\" \/>\n\t<meta name=\"twitter:data1\" content=\"1 minute\" \/>\n<script type=\"application\/ld+json\" class=\"yoast-schema-graph\">{\"@context\":\"https:\\\/\\\/schema.org\",\"@graph\":[{\"@type\":\"WebPage\",\"@id\":\"https:\\\/\\\/harjunpartiotytot.partioscout.fi\\\/yhteystiedot\\\/\",\"url\":\"https:\\\/\\\/harjunpartiotytot.partioscout.fi\\\/yhteystiedot\\\/\",\"name\":\"Contact us - Harjun Partiotytot ry\",\"isPartOf\":{\"@id\":\"https:\\\/\\\/harjunpartiotytot.partioscout.fi\\\/#website\"},\"datePublished\":\"2023-09-13T11:04:36+00:00\",\"dateModified\":\"2023-11-01T10:55:01+00:00\",\"breadcrumb\":{\"@id\":\"https:\\\/\\\/harjunpartiotytot.partioscout.fi\\\/yhteystiedot\\\/#breadcrumb\"},\"inLanguage\":\"en-US\",\"potentialAction\":[{\"@type\":\"ReadAction\",\"target\":[\"https:\\\/\\\/harjunpartiotytot.partioscout.fi\\\/yhteystiedot\\\/\"]}]},{\"@type\":\"BreadcrumbList\",\"@id\":\"https:\\\/\\\/harjunpartiotytot.partioscout.fi\\\/yhteystiedot\\\/#breadcrumb\",\"itemListElement\":[{\"@type\":\"ListItem\",\"position\":1,\"name\":\"Etusivu\",\"item\":\"https:\\\/\\\/harjunpartiotytot.partioscout.fi\\\/\"},{\"@type\":\"ListItem\",\"position\":2,\"name\":\"Contact us\"}]},{\"@type\":\"WebSite\",\"@id\":\"https:\\\/\\\/harjunpartiotytot.partioscout.fi\\\/#website\",\"url\":\"https:\\\/\\\/harjunpartiotytot.partioscout.fi\\\/\",\"name\":\"Harjun Partiotytot ry\",\"description\":\"\",\"publisher\":{\"@id\":\"https:\\\/\\\/harjunpartiotytot.partioscout.fi\\\/#organization\"},\"potentialAction\":[{\"@type\":\"SearchAction\",\"target\":{\"@type\":\"EntryPoint\",\"urlTemplate\":\"https:\\\/\\\/harjunpartiotytot.partioscout.fi\\\/?s={search_term_string}\"},\"query-input\":{\"@type\":\"PropertyValueSpecification\",\"valueRequired\":true,\"valueName\":\"search_term_string\"}}],\"inLanguage\":\"en-US\"},{\"@type\":\"Organization\",\"@id\":\"https:\\\/\\\/harjunpartiotytot.partioscout.fi\\\/#organization\",\"name\":\"Harjun Partiotytot ry\",\"url\":\"https:\\\/\\\/harjunpartiotytot.partioscout.fi\\\/\",\"logo\":{\"@type\":\"ImageObject\",\"inLanguage\":\"en-US\",\"@id\":\"https:\\\/\\\/harjunpartiotytot.partioscout.fi\\\/#\\\/schema\\\/logo\\\/image\\\/\",\"url\":\"https:\\\/\\\/harjunpartiotytot.partioscout.fi\\\/wp-content\\\/uploads\\\/sites\\\/125\\\/2023\\\/09\\\/cropped-IMG_5400.jpg\",\"contentUrl\":\"https:\\\/\\\/harjunpartiotytot.partioscout.fi\\\/wp-content\\\/uploads\\\/sites\\\/125\\\/2023\\\/09\\\/cropped-IMG_5400.jpg\",\"width\":240,\"height\":240,\"caption\":\"Harjun Partiotytot ry\"},\"image\":{\"@id\":\"https:\\\/\\\/harjunpartiotytot.partioscout.fi\\\/#\\\/schema\\\/logo\\\/image\\\/\"}}]}<\/script>\n<!-- \/ Yoast SEO plugin. -->","yoast_head_json":{"title":"Contact us - Harjun Partiotytot ry","robots":{"index":"index","follow":"follow","max-snippet":"max-snippet:-1","max-image-preview":"max-image-preview:large","max-video-preview":"max-video-preview:-1"},"canonical":"https:\/\/harjunpartiotytot.partioscout.fi\/yhteystiedot\/","og_locale":"en_US","og_type":"article","og_title":"Contact us - Harjun Partiotytot ry","og_url":"https:\/\/harjunpartiotytot.partioscout.fi\/yhteystiedot\/","og_site_name":"Harjun Partiotytot ry","article_modified_time":"2023-11-01T10:55:01+00:00","twitter_card":"summary_large_image","twitter_misc":{"Est. reading time":"1 minute"},"schema":{"@context":"https:\/\/schema.org","@graph":[{"@type":"WebPage","@id":"https:\/\/harjunpartiotytot.partioscout.fi\/yhteystiedot\/","url":"https:\/\/harjunpartiotytot.partioscout.fi\/yhteystiedot\/","name":"Contact us - Harjun Partiotytot ry","isPartOf":{"@id":"https:\/\/harjunpartiotytot.partioscout.fi\/#website"},"datePublished":"2023-09-13T11:04:36+00:00","dateModified":"2023-11-01T10:55:01+00:00","breadcrumb":{"@id":"https:\/\/harjunpartiotytot.partioscout.fi\/yhteystiedot\/#breadcrumb"},"inLanguage":"en-US","potentialAction":[{"@type":"ReadAction","target":["https:\/\/harjunpartiotytot.partioscout.fi\/yhteystiedot\/"]}]},{"@type":"BreadcrumbList","@id":"https:\/\/harjunpartiotytot.partioscout.fi\/yhteystiedot\/#breadcrumb","itemListElement":[{"@type":"ListItem","position":1,"name":"Etusivu","item":"https:\/\/harjunpartiotytot.partioscout.fi\/"},{"@type":"ListItem","position":2,"name":"Contact us"}]},{"@type":"WebSite","@id":"https:\/\/harjunpartiotytot.partioscout.fi\/#website","url":"https:\/\/harjunpartiotytot.partioscout.fi\/","name":"Harjun Partiotytot ry","description":"","publisher":{"@id":"https:\/\/harjunpartiotytot.partioscout.fi\/#organization"},"potentialAction":[{"@type":"SearchAction","target":{"@type":"EntryPoint","urlTemplate":"https:\/\/harjunpartiotytot.partioscout.fi\/?s={search_term_string}"},"query-input":{"@type":"PropertyValueSpecification","valueRequired":true,"valueName":"search_term_string"}}],"inLanguage":"en-US"},{"@type":"Organization","@id":"https:\/\/harjunpartiotytot.partioscout.fi\/#organization","name":"Harjun Partiotytot ry","url":"https:\/\/harjunpartiotytot.partioscout.fi\/","logo":{"@type":"ImageObject","inLanguage":"en-US","@id":"https:\/\/harjunpartiotytot.partioscout.fi\/#\/schema\/logo\/image\/","url":"https:\/\/harjunpartiotytot.partioscout.fi\/wp-content\/uploads\/sites\/125\/2023\/09\/cropped-IMG_5400.jpg","contentUrl":"https:\/\/harjunpartiotytot.partioscout.fi\/wp-content\/uploads\/sites\/125\/2023\/09\/cropped-IMG_5400.jpg","width":240,"height":240,"caption":"Harjun Partiotytot ry"},"image":{"@id":"https:\/\/harjunpartiotytot.partioscout.fi\/#\/schema\/logo\/image\/"}}]}},"_links":{"self":[{"href":"https:\/\/harjunpartiotytot.partioscout.fi\/en\/wp-json\/wp\/v2\/pages\/67","targetHints":{"allow":["GET"]}}],"collection":[{"href":"https:\/\/harjunpartiotytot.partioscout.fi\/en\/wp-json\/wp\/v2\/pages"}],"about":[{"href":"https:\/\/harjunpartiotytot.partioscout.fi\/en\/wp-json\/wp\/v2\/types\/page"}],"author":[{"embeddable":true,"href":"https:\/\/harjunpartiotytot.partioscout.fi\/en\/wp-json\/wp\/v2\/users\/251"}],"replies":[{"embeddable":true,"href":"https:\/\/harjunpartiotytot.partioscout.fi\/en\/wp-json\/wp\/v2\/comments?post=67"}],"version-history":[{"count":1,"href":"https:\/\/harjunpartiotytot.partioscout.fi\/en\/wp-json\/wp\/v2\/pages\/67\/revisions"}],"predecessor-version":[{"id":68,"href":"https:\/\/harjunpartiotytot.partioscout.fi\/en\/wp-json\/wp\/v2\/pages\/67\/revisions\/68"}],"wp:attachment":[{"href":"https:\/\/harjunpartiotytot.partioscout.fi\/en\/wp-json\/wp\/v2\/media?parent=67"}],"curies":[{"name":"wp","href":"https:\/\/api.w.org\/{rel}","templated":true}]}}