{"id":63,"date":"2023-09-13T14:04:32","date_gmt":"2023-09-13T11:04:32","guid":{"rendered":"https:\/\/harjunpartiotytot.partioscout.fi\/?page_id=63"},"modified":"2023-11-01T15:04:47","modified_gmt":"2023-11-01T13:04:47","slug":"front-page","status":"publish","type":"page","link":"https:\/\/harjunpartiotytot.partioscout.fi\/en\/","title":{"rendered":"Front page"},"content":{"rendered":"\n\n<div class=\"block-hero full-width id-block\">\n\t<div class=\"container-lg\">\n\t\t<div class=\"row\">\n\t\t\t<div class=\"col\">\n\t\t\t\t<div class=\"flex\">\n\t\t\t\t\t<div class=\"accent desktop\"><\/div>\t\t\t\t\t\n\t\t\t\t\t<div class=\"accent mobile\">\n\t\t\t\t\t\t\t\t\t\t\t\t<div class=\"image-object-fit\">\n\t\t\t\t\t\t\t<img\n\t\t\t\t\t\t\t\tsrc=\"https:\/\/harjunpartiotytot.partioscout.fi\/wp-content\/uploads\/sites\/125\/2023\/11\/DSC_4444-1-1024x683.jpeg\"\n\t\t\t\t\t\t\t\talt=\"\"\n\t\t\t\t\t\t\t\t\t\t\t\t\t\t\t\t\twidth=\"840\"\n\t\t\t\t\t\t\t\t\theight=\"560\"\n\t\t\t\t\t\t\t\t\t\t\t\t\t\t\t>\n\t\t\t\t\t\t<\/div>\n\t\t\t\t\t\t\t\t\t\t\t<\/div>\t\t\t\t\t\n\t\t\t\t\t<div class=\"inner-blocks entry-content\">\n\t\t\t\t\t\t\t\t\t\t\t\t\t\n\n<h1 class=\"wp-block-heading\">Harjun partiotyt\u00f6t<\/h1>\n\n\n\n<p>Girl scouting in Jyv\u00e4skyl\u00e4 for over 100 years. Jump in for the experience of your life!<\/p>\n\n\n\n<div class=\"wp-block-buttons is-layout-flex wp-block-buttons-is-layout-flex\">\n<div class=\"wp-block-button\"><a class=\"wp-block-button__link wp-element-button\" href=\"https:\/\/harjunpartiotytot.partioscout.fi\/en\/join-us\/\">Join us!<\/a><\/div>\n<\/div>\n\n\n\t\t\t\t\t\t\t\t\t\t\t<\/div>\n\t\t\t\t<\/div>\n\t\t\t<\/div>\n\t\t<\/div>\n\t<\/div>\t\n\n\t\t\t\n<\/div>\n\n\n\n<h2 class=\"wp-block-heading\">Learn wilderness skills in the middle of a city<\/h2>\n\n\n\n<p>After a forest trip or a night out, the mind is always more rested, but at the same time more excited and alert than before. New skills, laughter and friends &#8211; with scouting, every day is an experience. Changing wet socks for the last pair of dry socks found in a friend&#8217;s backpack in a dark tent is an experience that unites and creates fun shared memories. They lead to long lasting friendships with people you know you can always count on.<\/p>\n\n\n\n<p>The story of Harjun Partiotyt\u00f6t goes back 100 years, to 1919, when girl scouting first started in Jyv\u00e4skyl\u00e4. Since then, every girl in Jyv\u00e4skyl\u00e4 has been able to learn wilderness skills and cooperation with us.<\/p>\n\n\n\n<p><strong>Harjun rinne, menn\u00e4\u00e4n sinne, saappaissa multaa, tyt\u00f6t on kultaa! Harjun Partiotyt\u00f6t!<\/strong><\/p>\n\n\n\n<p>At the moment we don&#8217;t have any English speaking groups, but we do welcome everyone to join us regardless of any language challenges! Contact us at <strong>harjun.partiotytot[at]gmail.com<\/strong> for more information. We respond within 7 days.<\/p>\n\n\n\n<div class=\"wp-block-buttons is-layout-flex wp-block-buttons-is-layout-flex\">\n<div class=\"wp-block-button\"><a class=\"wp-block-button__link wp-element-button\" href=\"https:\/\/harjunpartiotytot.partioscout.fi\/en\/contact-us\/\">Contact us<\/a><\/div>\n<\/div>\n","protected":false},"excerpt":{"rendered":"<p>Learn wilderness skills in the middle of a city After a forest trip or a&hellip;<\/p>\n","protected":false},"author":251,"featured_media":0,"parent":0,"menu_order":0,"comment_status":"closed","ping_status":"closed","template":"","meta":{"_acf_changed":false,"footnotes":""},"class_list":["post-63","page","type-page","status-publish","hentry"],"acf":[],"yoast_head":"<!-- This site is optimized with the Yoast SEO plugin v27.1.1 - https:\/\/yoast.com\/product\/yoast-seo-wordpress\/ -->\n<title>Front page - Harjun Partiotytot ry<\/title>\n<meta name=\"robots\" content=\"index, follow, max-snippet:-1, max-image-preview:large, max-video-preview:-1\" \/>\n<link rel=\"canonical\" href=\"https:\/\/harjunpartiotytot.partioscout.fi\/\" \/>\n<meta property=\"og:locale\" content=\"en_US\" \/>\n<meta property=\"og:type\" content=\"article\" \/>\n<meta property=\"og:title\" content=\"Front page - Harjun Partiotytot ry\" \/>\n<meta property=\"og:description\" content=\"Learn wilderness skills in the middle of a city After a forest trip or a&hellip;\" \/>\n<meta property=\"og:url\" content=\"https:\/\/harjunpartiotytot.partioscout.fi\/\" \/>\n<meta property=\"og:site_name\" content=\"Harjun Partiotytot ry\" \/>\n<meta property=\"article:modified_time\" content=\"2023-11-01T13:04:47+00:00\" \/>\n<meta name=\"twitter:card\" content=\"summary_large_image\" \/>\n<meta name=\"twitter:label1\" content=\"Est. reading time\" \/>\n\t<meta name=\"twitter:data1\" content=\"2 minutes\" \/>\n<script type=\"application\/ld+json\" class=\"yoast-schema-graph\">{\"@context\":\"https:\/\/schema.org\",\"@graph\":[{\"@type\":\"WebPage\",\"@id\":\"https:\/\/harjunpartiotytot.partioscout.fi\/\",\"url\":\"https:\/\/harjunpartiotytot.partioscout.fi\/\",\"name\":\"Front page - Harjun Partiotytot ry\",\"isPartOf\":{\"@id\":\"https:\/\/harjunpartiotytot.partioscout.fi\/#website\"},\"datePublished\":\"2023-09-13T11:04:32+00:00\",\"dateModified\":\"2023-11-01T13:04:47+00:00\",\"breadcrumb\":{\"@id\":\"https:\/\/harjunpartiotytot.partioscout.fi\/#breadcrumb\"},\"inLanguage\":\"en-US\",\"potentialAction\":[{\"@type\":\"ReadAction\",\"target\":[\"https:\/\/harjunpartiotytot.partioscout.fi\/\"]}]},{\"@type\":\"BreadcrumbList\",\"@id\":\"https:\/\/harjunpartiotytot.partioscout.fi\/#breadcrumb\",\"itemListElement\":[{\"@type\":\"ListItem\",\"position\":1,\"name\":\"Etusivu\",\"item\":\"https:\/\/harjunpartiotytot.partioscout.fi\/\"},{\"@type\":\"ListItem\",\"position\":2,\"name\":\"Front page\"}]},{\"@type\":\"WebSite\",\"@id\":\"https:\/\/harjunpartiotytot.partioscout.fi\/#website\",\"url\":\"https:\/\/harjunpartiotytot.partioscout.fi\/\",\"name\":\"Harjun Partiotytot ry\",\"description\":\"\",\"publisher\":{\"@id\":\"https:\/\/harjunpartiotytot.partioscout.fi\/#organization\"},\"potentialAction\":[{\"@type\":\"SearchAction\",\"target\":{\"@type\":\"EntryPoint\",\"urlTemplate\":\"https:\/\/harjunpartiotytot.partioscout.fi\/?s={search_term_string}\"},\"query-input\":{\"@type\":\"PropertyValueSpecification\",\"valueRequired\":true,\"valueName\":\"search_term_string\"}}],\"inLanguage\":\"en-US\"},{\"@type\":\"Organization\",\"@id\":\"https:\/\/harjunpartiotytot.partioscout.fi\/#organization\",\"name\":\"Harjun Partiotytot ry\",\"url\":\"https:\/\/harjunpartiotytot.partioscout.fi\/\",\"logo\":{\"@type\":\"ImageObject\",\"inLanguage\":\"en-US\",\"@id\":\"https:\/\/harjunpartiotytot.partioscout.fi\/#\/schema\/logo\/image\/\",\"url\":\"https:\/\/harjunpartiotytot.partioscout.fi\/wp-content\/uploads\/sites\/125\/2023\/09\/cropped-IMG_5400.jpg\",\"contentUrl\":\"https:\/\/harjunpartiotytot.partioscout.fi\/wp-content\/uploads\/sites\/125\/2023\/09\/cropped-IMG_5400.jpg\",\"width\":240,\"height\":240,\"caption\":\"Harjun Partiotytot ry\"},\"image\":{\"@id\":\"https:\/\/harjunpartiotytot.partioscout.fi\/#\/schema\/logo\/image\/\"}}]}<\/script>\n<!-- \/ Yoast SEO plugin. -->","yoast_head_json":{"title":"Front page - Harjun Partiotytot ry","robots":{"index":"index","follow":"follow","max-snippet":"max-snippet:-1","max-image-preview":"max-image-preview:large","max-video-preview":"max-video-preview:-1"},"canonical":"https:\/\/harjunpartiotytot.partioscout.fi\/","og_locale":"en_US","og_type":"article","og_title":"Front page - Harjun Partiotytot ry","og_description":"Learn wilderness skills in the middle of a city After a forest trip or a&hellip;","og_url":"https:\/\/harjunpartiotytot.partioscout.fi\/","og_site_name":"Harjun Partiotytot ry","article_modified_time":"2023-11-01T13:04:47+00:00","twitter_card":"summary_large_image","twitter_misc":{"Est. reading time":"2 minutes"},"schema":{"@context":"https:\/\/schema.org","@graph":[{"@type":"WebPage","@id":"https:\/\/harjunpartiotytot.partioscout.fi\/","url":"https:\/\/harjunpartiotytot.partioscout.fi\/","name":"Front page - Harjun Partiotytot ry","isPartOf":{"@id":"https:\/\/harjunpartiotytot.partioscout.fi\/#website"},"datePublished":"2023-09-13T11:04:32+00:00","dateModified":"2023-11-01T13:04:47+00:00","breadcrumb":{"@id":"https:\/\/harjunpartiotytot.partioscout.fi\/#breadcrumb"},"inLanguage":"en-US","potentialAction":[{"@type":"ReadAction","target":["https:\/\/harjunpartiotytot.partioscout.fi\/"]}]},{"@type":"BreadcrumbList","@id":"https:\/\/harjunpartiotytot.partioscout.fi\/#breadcrumb","itemListElement":[{"@type":"ListItem","position":1,"name":"Etusivu","item":"https:\/\/harjunpartiotytot.partioscout.fi\/"},{"@type":"ListItem","position":2,"name":"Front page"}]},{"@type":"WebSite","@id":"https:\/\/harjunpartiotytot.partioscout.fi\/#website","url":"https:\/\/harjunpartiotytot.partioscout.fi\/","name":"Harjun Partiotytot ry","description":"","publisher":{"@id":"https:\/\/harjunpartiotytot.partioscout.fi\/#organization"},"potentialAction":[{"@type":"SearchAction","target":{"@type":"EntryPoint","urlTemplate":"https:\/\/harjunpartiotytot.partioscout.fi\/?s={search_term_string}"},"query-input":{"@type":"PropertyValueSpecification","valueRequired":true,"valueName":"search_term_string"}}],"inLanguage":"en-US"},{"@type":"Organization","@id":"https:\/\/harjunpartiotytot.partioscout.fi\/#organization","name":"Harjun Partiotytot ry","url":"https:\/\/harjunpartiotytot.partioscout.fi\/","logo":{"@type":"ImageObject","inLanguage":"en-US","@id":"https:\/\/harjunpartiotytot.partioscout.fi\/#\/schema\/logo\/image\/","url":"https:\/\/harjunpartiotytot.partioscout.fi\/wp-content\/uploads\/sites\/125\/2023\/09\/cropped-IMG_5400.jpg","contentUrl":"https:\/\/harjunpartiotytot.partioscout.fi\/wp-content\/uploads\/sites\/125\/2023\/09\/cropped-IMG_5400.jpg","width":240,"height":240,"caption":"Harjun Partiotytot ry"},"image":{"@id":"https:\/\/harjunpartiotytot.partioscout.fi\/#\/schema\/logo\/image\/"}}]}},"_links":{"self":[{"href":"https:\/\/harjunpartiotytot.partioscout.fi\/en\/wp-json\/wp\/v2\/pages\/63","targetHints":{"allow":["GET"]}}],"collection":[{"href":"https:\/\/harjunpartiotytot.partioscout.fi\/en\/wp-json\/wp\/v2\/pages"}],"about":[{"href":"https:\/\/harjunpartiotytot.partioscout.fi\/en\/wp-json\/wp\/v2\/types\/page"}],"author":[{"embeddable":true,"href":"https:\/\/harjunpartiotytot.partioscout.fi\/en\/wp-json\/wp\/v2\/users\/251"}],"replies":[{"embeddable":true,"href":"https:\/\/harjunpartiotytot.partioscout.fi\/en\/wp-json\/wp\/v2\/comments?post=63"}],"version-history":[{"count":5,"href":"https:\/\/harjunpartiotytot.partioscout.fi\/en\/wp-json\/wp\/v2\/pages\/63\/revisions"}],"predecessor-version":[{"id":85,"href":"https:\/\/harjunpartiotytot.partioscout.fi\/en\/wp-json\/wp\/v2\/pages\/63\/revisions\/85"}],"wp:attachment":[{"href":"https:\/\/harjunpartiotytot.partioscout.fi\/en\/wp-json\/wp\/v2\/media?parent=63"}],"curies":[{"name":"wp","href":"https:\/\/api.w.org\/{rel}","templated":true}]}}